{"id":6122,"date":"2024-01-18T15:34:23","date_gmt":"2024-01-18T15:34:23","guid":{"rendered":"https:\/\/xn--diseopaginas-dhb.cl\/roman\/?page_id=6122"},"modified":"2024-02-26T21:55:00","modified_gmt":"2024-02-26T21:55:00","slug":"nosotros","status":"publish","type":"page","link":"https:\/\/romanservice.cl\/prueba\/nosotros\/","title":{"rendered":"Nosotros"},"content":{"rendered":"\t\t<div data-elementor-type=\"wp-page\" data-elementor-id=\"6122\" class=\"elementor elementor-6122\">\n\t\t\t\t\t\t\t<div class=\"elementor-element elementor-element-36a8c8f e-flex e-con-boxed e-con e-parent\" data-id=\"36a8c8f\" data-element_type=\"container\" data-settings=\"{&quot;content_width&quot;:&quot;boxed&quot;}\" data-core-v316-plus=\"true\">\n\t\t\t\t\t<div class=\"e-con-inner\">\n\t\t\t\t<div class=\"elementor-element elementor-element-feb4f0e align-center elementor-widget__width-initial heading-default elementor-widget elementor-widget-mae-headings\" data-id=\"feb4f0e\" data-element_type=\"widget\" data-widget_type=\"mae-headings.default\">\n\t\t\t\t<div class=\"elementor-widget-container\">\n\t\t\t\t\t<div class=\"master-heading sep-none\">\n\t\t\t\t\t\t\t        \n\t        \n\t        \t        <h2 class=\"main-heading\">Montajes agro  industriales e Ingenier\u00eda<\/h2>\n\t        \n\t        \n\t        \t    <\/div>\n\t    \t\t<\/div>\n\t\t\t\t<\/div>\n\t\t\t\t\t<\/div>\n\t\t\t\t<\/div>\n\t\t<div class=\"elementor-element elementor-element-dcfac9b e-flex e-con-boxed e-con e-parent\" data-id=\"dcfac9b\" data-element_type=\"container\" data-settings=\"{&quot;content_width&quot;:&quot;boxed&quot;}\" data-core-v316-plus=\"true\">\n\t\t\t\t\t<div class=\"e-con-inner\">\n\t\t<div class=\"elementor-element elementor-element-9188616 e-con-full e-flex e-con e-child\" data-id=\"9188616\" data-element_type=\"container\" data-settings=\"{&quot;content_width&quot;:&quot;full&quot;}\">\n\t\t\t\t<div class=\"elementor-element elementor-element-e8894e3 image-width-full elementor-widget elementor-widget-mae-gallery-stack\" data-id=\"e8894e3\" data-element_type=\"widget\" data-widget_type=\"mae-gallery-stack.default\">\n\t\t\t\t<div class=\"elementor-widget-container\">\n\t\t\t\t\t<div class=\"master-gallery-stack\">\n\t\t\t<div class=\"master-fancy-image elementor-repeater-item-ece99b6 \" data-top=\"0px\" data-calcHeight=\"no\">\n    \t\t\t\t\t\t\t\t\t\t<div class=\"image-wrap\"><img fetchpriority=\"high\" decoding=\"async\" width=\"770\" height=\"445\" src=\"https:\/\/romanservice.cl\/prueba\/wp-content\/uploads\/2024\/01\/proyecto-busqueda-aguas-subterraneas.jpg\" class=\"attachment-full size-full\" alt=\"\" srcset=\"https:\/\/romanservice.cl\/prueba\/wp-content\/uploads\/2024\/01\/proyecto-busqueda-aguas-subterraneas.jpg 770w, https:\/\/romanservice.cl\/prueba\/wp-content\/uploads\/2024\/01\/proyecto-busqueda-aguas-subterraneas-300x173.jpg 300w, https:\/\/romanservice.cl\/prueba\/wp-content\/uploads\/2024\/01\/proyecto-busqueda-aguas-subterraneas-768x444.jpg 768w, https:\/\/romanservice.cl\/prueba\/wp-content\/uploads\/2024\/01\/proyecto-busqueda-aguas-subterraneas-600x347.jpg 600w\" sizes=\"(max-width: 770px) 100vw, 770px\" \/><\/div>\n    \t\t\t\t\t\t\t\t\t<\/div><div class=\"master-fancy-image elementor-repeater-item-02e2bcd \" data-top=\"100px\" data-calcHeight=\"yes\">\n    \t\t\t\t\t\t\t\t\t\t<div class=\"image-wrap\"><img decoding=\"async\" width=\"979\" height=\"650\" src=\"https:\/\/romanservice.cl\/prueba\/wp-content\/uploads\/2024\/01\/nosotros.png\" class=\"attachment-full size-full\" alt=\"\" srcset=\"https:\/\/romanservice.cl\/prueba\/wp-content\/uploads\/2024\/01\/nosotros.png 979w, https:\/\/romanservice.cl\/prueba\/wp-content\/uploads\/2024\/01\/nosotros-300x199.png 300w, https:\/\/romanservice.cl\/prueba\/wp-content\/uploads\/2024\/01\/nosotros-768x510.png 768w, https:\/\/romanservice.cl\/prueba\/wp-content\/uploads\/2024\/01\/nosotros-600x398.png 600w\" sizes=\"(max-width: 979px) 100vw, 979px\" \/><\/div>\n    \t\t\t\t\t\t\t\t\t<\/div>\t\t<\/div>\n\t    \t\t<\/div>\n\t\t\t\t<\/div>\n\t\t\t\t<\/div>\n\t\t<div class=\"elementor-element elementor-element-4079521 e-con-full e-flex e-con e-child\" data-id=\"4079521\" data-element_type=\"container\" data-settings=\"{&quot;content_width&quot;:&quot;full&quot;}\">\n\t\t\t\t<div class=\"elementor-element elementor-element-54be39f elementor-widget__width-auto elementor-widget elementor-widget-heading\" data-id=\"54be39f\" data-element_type=\"widget\" data-widget_type=\"heading.default\">\n\t\t\t\t<div class=\"elementor-widget-container\">\n\t\t\t<style>\/*! elementor - v3.18.0 - 20-12-2023 *\/\n.elementor-heading-title{padding:0;margin:0;line-height:1}.elementor-widget-heading .elementor-heading-title[class*=elementor-size-]>a{color:inherit;font-size:inherit;line-height:inherit}.elementor-widget-heading .elementor-heading-title.elementor-size-small{font-size:15px}.elementor-widget-heading .elementor-heading-title.elementor-size-medium{font-size:19px}.elementor-widget-heading .elementor-heading-title.elementor-size-large{font-size:29px}.elementor-widget-heading .elementor-heading-title.elementor-size-xl{font-size:39px}.elementor-widget-heading .elementor-heading-title.elementor-size-xxl{font-size:59px}<\/style><h2 class=\"elementor-heading-title elementor-size-default\">Quienes Somos<\/h2>\t\t<\/div>\n\t\t\t\t<\/div>\n\t\t\t\t<div class=\"elementor-element elementor-element-de97de8 elementor-widget__width-auto elementor-widget-divider--view-line elementor-widget elementor-widget-divider\" data-id=\"de97de8\" data-element_type=\"widget\" data-widget_type=\"divider.default\">\n\t\t\t\t<div class=\"elementor-widget-container\">\n\t\t\t<style>\/*! elementor - v3.18.0 - 20-12-2023 *\/\n.elementor-widget-divider{--divider-border-style:none;--divider-border-width:1px;--divider-color:#0c0d0e;--divider-icon-size:20px;--divider-element-spacing:10px;--divider-pattern-height:24px;--divider-pattern-size:20px;--divider-pattern-url:none;--divider-pattern-repeat:repeat-x}.elementor-widget-divider .elementor-divider{display:flex}.elementor-widget-divider .elementor-divider__text{font-size:15px;line-height:1;max-width:95%}.elementor-widget-divider .elementor-divider__element{margin:0 var(--divider-element-spacing);flex-shrink:0}.elementor-widget-divider .elementor-icon{font-size:var(--divider-icon-size)}.elementor-widget-divider .elementor-divider-separator{display:flex;margin:0;direction:ltr}.elementor-widget-divider--view-line_icon .elementor-divider-separator,.elementor-widget-divider--view-line_text .elementor-divider-separator{align-items:center}.elementor-widget-divider--view-line_icon .elementor-divider-separator:after,.elementor-widget-divider--view-line_icon .elementor-divider-separator:before,.elementor-widget-divider--view-line_text .elementor-divider-separator:after,.elementor-widget-divider--view-line_text .elementor-divider-separator:before{display:block;content:\"\";border-bottom:0;flex-grow:1;border-top:var(--divider-border-width) var(--divider-border-style) var(--divider-color)}.elementor-widget-divider--element-align-left .elementor-divider .elementor-divider-separator>.elementor-divider__svg:first-of-type{flex-grow:0;flex-shrink:100}.elementor-widget-divider--element-align-left .elementor-divider-separator:before{content:none}.elementor-widget-divider--element-align-left .elementor-divider__element{margin-left:0}.elementor-widget-divider--element-align-right .elementor-divider .elementor-divider-separator>.elementor-divider__svg:last-of-type{flex-grow:0;flex-shrink:100}.elementor-widget-divider--element-align-right .elementor-divider-separator:after{content:none}.elementor-widget-divider--element-align-right .elementor-divider__element{margin-right:0}.elementor-widget-divider:not(.elementor-widget-divider--view-line_text):not(.elementor-widget-divider--view-line_icon) .elementor-divider-separator{border-top:var(--divider-border-width) var(--divider-border-style) var(--divider-color)}.elementor-widget-divider--separator-type-pattern{--divider-border-style:none}.elementor-widget-divider--separator-type-pattern.elementor-widget-divider--view-line .elementor-divider-separator,.elementor-widget-divider--separator-type-pattern:not(.elementor-widget-divider--view-line) .elementor-divider-separator:after,.elementor-widget-divider--separator-type-pattern:not(.elementor-widget-divider--view-line) .elementor-divider-separator:before,.elementor-widget-divider--separator-type-pattern:not([class*=elementor-widget-divider--view]) .elementor-divider-separator{width:100%;min-height:var(--divider-pattern-height);-webkit-mask-size:var(--divider-pattern-size) 100%;mask-size:var(--divider-pattern-size) 100%;-webkit-mask-repeat:var(--divider-pattern-repeat);mask-repeat:var(--divider-pattern-repeat);background-color:var(--divider-color);-webkit-mask-image:var(--divider-pattern-url);mask-image:var(--divider-pattern-url)}.elementor-widget-divider--no-spacing{--divider-pattern-size:auto}.elementor-widget-divider--bg-round{--divider-pattern-repeat:round}.rtl .elementor-widget-divider .elementor-divider__text{direction:rtl}.e-con-inner>.elementor-widget-divider,.e-con>.elementor-widget-divider{width:var(--container-widget-width,100%);--flex-grow:var(--container-widget-flex-grow)}<\/style>\t\t<div class=\"elementor-divider\">\n\t\t\t<span class=\"elementor-divider-separator\">\n\t\t\t\t\t\t<\/span>\n\t\t<\/div>\n\t\t\t\t<\/div>\n\t\t\t\t<\/div>\n\t\t\t\t<div class=\"elementor-element elementor-element-473ad87 elementor-widget elementor-widget-text-editor\" data-id=\"473ad87\" data-element_type=\"widget\" data-widget_type=\"text-editor.default\">\n\t\t\t\t<div class=\"elementor-widget-container\">\n\t\t\t<style>\/*! elementor - v3.18.0 - 20-12-2023 *\/\n.elementor-widget-text-editor.elementor-drop-cap-view-stacked .elementor-drop-cap{background-color:#69727d;color:#fff}.elementor-widget-text-editor.elementor-drop-cap-view-framed .elementor-drop-cap{color:#69727d;border:3px solid;background-color:transparent}.elementor-widget-text-editor:not(.elementor-drop-cap-view-default) .elementor-drop-cap{margin-top:8px}.elementor-widget-text-editor:not(.elementor-drop-cap-view-default) .elementor-drop-cap-letter{width:1em;height:1em}.elementor-widget-text-editor .elementor-drop-cap{float:left;text-align:center;line-height:1;font-size:50px}.elementor-widget-text-editor .elementor-drop-cap-letter{display:inline-block}<\/style>\t\t\t\t<p>ROMAN SERVICE LTDA es una empresa dedicada a ejecutar ingenier\u00eda y servicios de montajes de proyectos mineros de procesos planta y montajes agro-industriales Ingenier\u00eda. Nace a fines del a\u00f1o 2012 con la uni\u00f3n de distintos actores del rubro, destacando m\u00e1s de 18 a\u00f1os de experiencia en servicios a la miner\u00eda (proyectos y obras) y m\u00e1s de 20 a\u00f1os en la construcci\u00f3n de proyectos. Esto nos permite prestar servicios multi-especializados en forma aliada o independiente, con un alto est\u00e1ndar en prevenci\u00f3n de riesgos, medio ambiente, sistema documental y calidad de los trabajos, destacando adem\u00e1s, nuestro quehacer colaborativo y prepositivo hacia nuestros Clientes, con la finalidad de hacer m\u00e1s eficientes y productivos sus proyectos.<br \/>Todos estos atributos hacen de ROMAN SERVICE LTDA un aliado estrat\u00e9gico \u00f3ptimo para el desarrollo y ejecuci\u00f3n de sus proyectos en las \u00e1reas especializadas de sostenimientos e ingenier\u00eda.<\/p>\t\t\t\t\t\t<\/div>\n\t\t\t\t<\/div>\n\t\t\t\t<\/div>\n\t\t\t\t\t<\/div>\n\t\t\t\t<\/div>\n\t\t<div class=\"elementor-element elementor-element-a22e404 e-flex e-con-boxed e-con e-parent\" data-id=\"a22e404\" data-element_type=\"container\" data-settings=\"{&quot;content_width&quot;:&quot;boxed&quot;}\" data-core-v316-plus=\"true\">\n\t\t\t\t\t<div class=\"e-con-inner\">\n\t\t<div class=\"elementor-element elementor-element-5469cd9 e-con-full e-flex e-con e-child\" data-id=\"5469cd9\" data-element_type=\"container\" data-settings=\"{&quot;content_width&quot;:&quot;full&quot;}\">\n\t\t\t\t<div class=\"elementor-element elementor-element-27660fc elementor-widget elementor-widget-heading\" data-id=\"27660fc\" data-element_type=\"widget\" data-widget_type=\"heading.default\">\n\t\t\t\t<div class=\"elementor-widget-container\">\n\t\t\t<h3 class=\"elementor-heading-title elementor-size-default\">\u00bfPor qu\u00e9 elegirnos?\n<\/h3>\t\t<\/div>\n\t\t\t\t<\/div>\n\t\t\t\t<\/div>\n\t\t\t\t<div class=\"elementor-element elementor-element-5665a3d elementor-widget__width-initial elementor-widget elementor-widget-heading\" data-id=\"5665a3d\" data-element_type=\"widget\" data-widget_type=\"heading.default\">\n\t\t\t\t<div class=\"elementor-widget-container\">\n\t\t\t<h2 class=\"elementor-heading-title elementor-size-default\">Por que elegirnos<\/h2>\t\t<\/div>\n\t\t\t\t<\/div>\n\t\t\t\t\t<\/div>\n\t\t\t\t<\/div>\n\t\t<div class=\"elementor-element elementor-element-fcad4da e-flex e-con-boxed e-con e-parent\" data-id=\"fcad4da\" data-element_type=\"container\" data-settings=\"{&quot;content_width&quot;:&quot;boxed&quot;}\" data-core-v316-plus=\"true\">\n\t\t\t\t\t<div class=\"e-con-inner\">\n\t\t<div class=\"elementor-element elementor-element-0990d53 e-con-full e-flex e-con e-child\" data-id=\"0990d53\" data-element_type=\"container\" data-settings=\"{&quot;content_width&quot;:&quot;full&quot;}\">\n\t\t\t\t<div class=\"elementor-element elementor-element-8cc9813 elementor-widget elementor-widget-text-editor\" data-id=\"8cc9813\" data-element_type=\"widget\" data-widget_type=\"text-editor.default\">\n\t\t\t\t<div class=\"elementor-widget-container\">\n\t\t\t\t\t\t\t<h4>Por Innovaci\u00f3n<\/h4>\n<p class=\"has-text-color has-very-dark-gray-color\">Apostamos por la investigaci\u00f3n con el objetivo de dise\u00f1ar nuevos y mejores sistemas de control y sensores de manejo, para ofrecer al productor la mayor eficiencia para incrementar la productividad y calidad de sus productos.<\/p>\n&nbsp;\n<h4>Por Presencia<\/h4>\n<p class=\"has-text-color has-very-dark-gray-color\">Contamos con un amplio cat\u00e1logo de proyectos instalados por todo chile, en Roman Service, contamos con una extensa experiencia t\u00e9cnica comercial con presencia en todo Chile y que asesoramos en situ a los productores sobre las necesidades espec\u00edficas para cada cultivo.<\/p>\t\t\t\t\t\t<\/div>\n\t\t\t\t<\/div>\n\t\t\t\t<\/div>\n\t\t<div class=\"elementor-element elementor-element-d7d1ca3 e-con-full e-flex e-con e-child\" data-id=\"d7d1ca3\" data-element_type=\"container\" data-settings=\"{&quot;content_width&quot;:&quot;full&quot;}\">\n\t\t\t\t<div class=\"elementor-element elementor-element-34949f3 elementor-widget elementor-widget-text-editor\" data-id=\"34949f3\" data-element_type=\"widget\" data-widget_type=\"text-editor.default\">\n\t\t\t\t<div class=\"elementor-widget-container\">\n\t\t\t\t\t\t\t<h4 class=\"has-very-dark-gray-color has-text-color\">Gran Equipo de Trabajo<\/h4><p class=\"has-text-color has-very-dark-gray-color\">Para Roman Service, cada proyecto requiere un tipo de tecnolog\u00eda, c\u00e1lculo y dise\u00f1o espec\u00edfico. Por ello, disponemos de un amplio departamento de ingenier\u00eda, y un soporte t\u00e9cnico comercial y equipos de montaje preparados para aplicar la mejor soluci\u00f3n para cada necesidad y optimizar los recursos disponibles por el cliente.<\/p><h4 class=\"has-very-dark-gray-color has-text-color\">Corporativismo<\/h4><p class=\"has-text-color has-very-dark-gray-color\">Roman Service es un gran grupo de Ingenier\u00eda y t\u00e9cnicos con presencia en el mercado nacional. En Roman Service compartimos valores personales, experiencias y cultura de un trabajo de calidad. Hoy d\u00eda somos capaces de competir global mente en todo Chile enfrentado de la mejor manera las necesidades de nuestros clientes.<\/p>\t\t\t\t\t\t<\/div>\n\t\t\t\t<\/div>\n\t\t\t\t<\/div>\n\t\t\t\t\t<\/div>\n\t\t\t\t<\/div>\n\t\t\t\t\t\t\t<\/div>\n\t\t","protected":false},"excerpt":{"rendered":"<p>Montajes agro industriales e Ingenier\u00eda Quienes Somos ROMAN SERVICE LTDA es una empresa dedicada a ejecutar ingenier\u00eda y servicios de montajes de proyectos mineros de procesos planta y montajes agro-industriales Ingenier\u00eda. Nace a fines del a\u00f1o 2012 con la uni\u00f3n de distintos actores del rubro, destacando m\u00e1s de 18 a\u00f1os<\/p>\n","protected":false},"author":2,"featured_media":0,"parent":0,"menu_order":0,"comment_status":"closed","ping_status":"closed","template":"","meta":{"inline_featured_image":false,"footnotes":""},"class_list":["post-6122","page","type-page","status-publish","hentry"],"_links":{"self":[{"href":"https:\/\/romanservice.cl\/prueba\/wp-json\/wp\/v2\/pages\/6122","targetHints":{"allow":["GET"]}}],"collection":[{"href":"https:\/\/romanservice.cl\/prueba\/wp-json\/wp\/v2\/pages"}],"about":[{"href":"https:\/\/romanservice.cl\/prueba\/wp-json\/wp\/v2\/types\/page"}],"author":[{"embeddable":true,"href":"https:\/\/romanservice.cl\/prueba\/wp-json\/wp\/v2\/users\/2"}],"replies":[{"embeddable":true,"href":"https:\/\/romanservice.cl\/prueba\/wp-json\/wp\/v2\/comments?post=6122"}],"version-history":[{"count":70,"href":"https:\/\/romanservice.cl\/prueba\/wp-json\/wp\/v2\/pages\/6122\/revisions"}],"predecessor-version":[{"id":7253,"href":"https:\/\/romanservice.cl\/prueba\/wp-json\/wp\/v2\/pages\/6122\/revisions\/7253"}],"wp:attachment":[{"href":"https:\/\/romanservice.cl\/prueba\/wp-json\/wp\/v2\/media?parent=6122"}],"curies":[{"name":"wp","href":"https:\/\/api.w.org\/{rel}","templated":true}]}}