{"id":6624,"date":"2024-02-03T17:52:35","date_gmt":"2024-02-03T17:52:35","guid":{"rendered":"https:\/\/xn--diseopaginas-dhb.cl\/roman\/?page_id=6624"},"modified":"2024-02-28T03:19:27","modified_gmt":"2024-02-28T03:19:27","slug":"servicios","status":"publish","type":"page","link":"https:\/\/romanservice.cl\/prueba\/servicios\/","title":{"rendered":"Servicios"},"content":{"rendered":"\t\t<div data-elementor-type=\"wp-page\" data-elementor-id=\"6624\" class=\"elementor elementor-6624\">\n\t\t\t\t\t\t\t\t\t<section class=\"elementor-section elementor-inner-section elementor-element elementor-element-43630c92 elementor-section-boxed elementor-section-height-default elementor-section-height-default\" data-id=\"43630c92\" data-element_type=\"section\">\n\t\t\t\t\t\t<div class=\"elementor-container elementor-column-gap-default\">\n\t\t\t\t\t<div class=\"elementor-column elementor-col-50 elementor-inner-column elementor-element elementor-element-78ea1643\" data-id=\"78ea1643\" data-element_type=\"column\">\n\t\t\t<div class=\"elementor-widget-wrap elementor-element-populated\">\n\t\t\t\t\t\t\t\t<div class=\"elementor-element elementor-element-32608a7c hover-eff-5 image-box-style-1 elementor-widget elementor-widget-mae-image-box\" data-id=\"32608a7c\" data-element_type=\"widget\" data-widget_type=\"mae-image-box.default\">\n\t\t\t\t<div class=\"elementor-widget-container\">\n\t\t\t                <div class=\"master-image-box \">\n                            <div class=\"thumb\"><div class=\"inner\"><img fetchpriority=\"high\" decoding=\"async\" width=\"770\" height=\"445\" src=\"https:\/\/romanservice.cl\/prueba\/wp-content\/uploads\/2024\/01\/servicio-consulting.jpg\" class=\"attachment-full size-full\" alt=\"\" srcset=\"https:\/\/romanservice.cl\/prueba\/wp-content\/uploads\/2024\/01\/servicio-consulting.jpg 770w, https:\/\/romanservice.cl\/prueba\/wp-content\/uploads\/2024\/01\/servicio-consulting-300x173.jpg 300w, https:\/\/romanservice.cl\/prueba\/wp-content\/uploads\/2024\/01\/servicio-consulting-768x444.jpg 768w, https:\/\/romanservice.cl\/prueba\/wp-content\/uploads\/2024\/01\/servicio-consulting-600x347.jpg 600w\" sizes=\"(max-width: 770px) 100vw, 770px\" \/><\/div><\/div>\n                <div class=\"content-wrap\">\n                    <h2 class=\"headline-2\"><a href=\"https:\/\/romanservice.cl\/prueba\/service\/diseno-de-cuadros-de-piping-y-soldadura-especializada\/\">Dise\u00f1o de Cuadros de Piping y Soldadura Especializada<\/a><\/h2><div class=\"desc\">C\u00e1lculos y dise\u00f1os de cuadros de Piping en acero, C\u00e1lculo de tensiones mec\u00e1nicas....<\/div>            <div class=\"url-wrap\">\n                <a class=\"master-button btn-hover-2 small btn-accent icon-right btn-hover-2\" href=\"https:\/\/romanservice.cl\/prueba\/service\/diseno-de-cuadros-de-piping-y-soldadura-especializada\/\">\n                    <span class=\"inner\">\n                        <span class=\"content-base\">\n                                                        <span class=\"text\">Saber m\u00e1s<\/span>\n                            <span class=\"icon ci ci-arrow-pointing-to-right\"><\/span>                        <\/span>\n\n                        <span class=\"content-hover\">\n                                                        <span class=\"text\">Saber m\u00e1s<\/span>\n                            <span class=\"icon ci ci-arrow-pointing-to-right\"><\/span>                        <\/span>\n                    <\/span>\n\n                    <span class=\"bg-hover\"><\/span>                <\/a>\n            <\/div>\n\n                            <\/div>\n                                    <\/div>\n        \t\t<\/div>\n\t\t\t\t<\/div>\n\t\t\t\t\t<\/div>\n\t\t<\/div>\n\t\t\t\t<div class=\"elementor-column elementor-col-50 elementor-inner-column elementor-element elementor-element-69c1b04a\" data-id=\"69c1b04a\" data-element_type=\"column\">\n\t\t\t<div class=\"elementor-widget-wrap elementor-element-populated\">\n\t\t\t\t\t\t\t\t<div class=\"elementor-element elementor-element-10e5c1c3 hover-eff-5 image-box-style-1 elementor-widget elementor-widget-mae-image-box\" data-id=\"10e5c1c3\" data-element_type=\"widget\" data-widget_type=\"mae-image-box.default\">\n\t\t\t\t<div class=\"elementor-widget-container\">\n\t\t\t                <div class=\"master-image-box \">\n                            <div class=\"thumb\"><div class=\"inner\"><img decoding=\"async\" width=\"770\" height=\"445\" src=\"https:\/\/romanservice.cl\/prueba\/wp-content\/uploads\/2023\/10\/proyectos-ingenieria.jpg\" class=\"attachment-full size-full\" alt=\"\" srcset=\"https:\/\/romanservice.cl\/prueba\/wp-content\/uploads\/2023\/10\/proyectos-ingenieria.jpg 770w, https:\/\/romanservice.cl\/prueba\/wp-content\/uploads\/2023\/10\/proyectos-ingenieria-300x173.jpg 300w, https:\/\/romanservice.cl\/prueba\/wp-content\/uploads\/2023\/10\/proyectos-ingenieria-768x444.jpg 768w\" sizes=\"(max-width: 770px) 100vw, 770px\" \/><\/div><\/div>\n                <div class=\"content-wrap\">\n                    <h2 class=\"headline-2\"><a href=\"https:\/\/romanservice.cl\/prueba\/service\/desarrollamos-proyectos-de-ingenieria-y-asesorias-en-las-siguientes-areas\/\">Desarrollamos proyectos de ingenier\u00eda y asesor\u00edas<\/a><\/h2><div class=\"desc\">C\u00e1lculos y dise\u00f1os de tableros el\u00e9ctricos e instrumentaci\u00f3n, Ingenier\u00eda en Electricidad...<\/div>            <div class=\"url-wrap\">\n                <a class=\"master-button btn-hover-2 small btn-accent icon-right btn-hover-2\" href=\"https:\/\/romanservice.cl\/prueba\/service\/desarrollamos-proyectos-de-ingenieria-y-asesorias-en-las-siguientes-areas\/\">\n                    <span class=\"inner\">\n                        <span class=\"content-base\">\n                                                        <span class=\"text\">Saber m\u00e1s<\/span>\n                            <span class=\"icon ci ci-arrow-pointing-to-right\"><\/span>                        <\/span>\n\n                        <span class=\"content-hover\">\n                                                        <span class=\"text\">Saber m\u00e1s<\/span>\n                            <span class=\"icon ci ci-arrow-pointing-to-right\"><\/span>                        <\/span>\n                    <\/span>\n\n                    <span class=\"bg-hover\"><\/span>                <\/a>\n            <\/div>\n\n                            <\/div>\n                                    <\/div>\n        \t\t<\/div>\n\t\t\t\t<\/div>\n\t\t\t\t\t<\/div>\n\t\t<\/div>\n\t\t\t\t\t\t\t<\/div>\n\t\t<\/section>\n\t\t\t\t<section class=\"elementor-section elementor-inner-section elementor-element elementor-element-00cfa11 elementor-section-boxed elementor-section-height-default elementor-section-height-default\" data-id=\"00cfa11\" data-element_type=\"section\">\n\t\t\t\t\t\t<div class=\"elementor-container elementor-column-gap-default\">\n\t\t\t\t\t<div class=\"elementor-column elementor-col-50 elementor-inner-column elementor-element elementor-element-e770e40\" data-id=\"e770e40\" data-element_type=\"column\">\n\t\t\t<div class=\"elementor-widget-wrap elementor-element-populated\">\n\t\t\t\t\t\t\t\t<div class=\"elementor-element elementor-element-c8e2c35 hover-eff-5 image-box-style-1 elementor-widget elementor-widget-mae-image-box\" data-id=\"c8e2c35\" data-element_type=\"widget\" data-widget_type=\"mae-image-box.default\">\n\t\t\t\t<div class=\"elementor-widget-container\">\n\t\t\t                <div class=\"master-image-box \">\n                            <div class=\"thumb\"><div class=\"inner\"><img decoding=\"async\" width=\"770\" height=\"445\" src=\"https:\/\/romanservice.cl\/prueba\/wp-content\/uploads\/2024\/01\/Diseno-de-Control-de-Heladas-para-cultivos.jpg\" class=\"attachment-full size-full\" alt=\"\" srcset=\"https:\/\/romanservice.cl\/prueba\/wp-content\/uploads\/2024\/01\/Diseno-de-Control-de-Heladas-para-cultivos.jpg 770w, https:\/\/romanservice.cl\/prueba\/wp-content\/uploads\/2024\/01\/Diseno-de-Control-de-Heladas-para-cultivos-300x173.jpg 300w, https:\/\/romanservice.cl\/prueba\/wp-content\/uploads\/2024\/01\/Diseno-de-Control-de-Heladas-para-cultivos-768x444.jpg 768w, https:\/\/romanservice.cl\/prueba\/wp-content\/uploads\/2024\/01\/Diseno-de-Control-de-Heladas-para-cultivos-600x347.jpg 600w\" sizes=\"(max-width: 770px) 100vw, 770px\" \/><\/div><\/div>\n                <div class=\"content-wrap\">\n                    <h2 class=\"headline-2\"><a href=\"https:\/\/romanservice.cl\/prueba\/service\/diseno-de-control-de-heladas-para-cultivos\/\">Dise\u00f1o de Control de Heladas para cultivos<\/a><\/h2><div class=\"desc\"><div class=\"master-icon-text list-item\"><div class=\"content-wrap\">C\u00e1lculos y dise\u00f1os de planos, c\u00e1lculo de Precipitaciones,<\/div><\/div><div class=\"master-icon-text list-item\"><div class=\"content-wrap\">Instalaci\u00f3n de Equipos...<\/div><\/div><\/div>            <div class=\"url-wrap\">\n                <a class=\"master-button btn-hover-2 small btn-accent icon-right btn-hover-2\" href=\"https:\/\/romanservice.cl\/prueba\/service\/diseno-de-control-de-heladas-para-cultivos\/\">\n                    <span class=\"inner\">\n                        <span class=\"content-base\">\n                                                        <span class=\"text\">Saber m\u00e1s<\/span>\n                            <span class=\"icon ci ci-arrow-pointing-to-right\"><\/span>                        <\/span>\n\n                        <span class=\"content-hover\">\n                                                        <span class=\"text\">Saber m\u00e1s<\/span>\n                            <span class=\"icon ci ci-arrow-pointing-to-right\"><\/span>                        <\/span>\n                    <\/span>\n\n                    <span class=\"bg-hover\"><\/span>                <\/a>\n            <\/div>\n\n                            <\/div>\n                                    <\/div>\n        \t\t<\/div>\n\t\t\t\t<\/div>\n\t\t\t\t\t<\/div>\n\t\t<\/div>\n\t\t\t\t<div class=\"elementor-column elementor-col-50 elementor-inner-column elementor-element elementor-element-1805806\" data-id=\"1805806\" data-element_type=\"column\">\n\t\t\t<div class=\"elementor-widget-wrap elementor-element-populated\">\n\t\t\t\t\t\t\t\t<div class=\"elementor-element elementor-element-2b0c17f elementor-widget__width-auto elementor-absolute elementor-widget elementor-widget-html\" data-id=\"2b0c17f\" data-element_type=\"widget\" data-settings=\"{&quot;_position&quot;:&quot;absolute&quot;}\" data-widget_type=\"html.default\">\n\t\t\t\t<div class=\"elementor-widget-container\">\n\t\t\t<div class=\"decor-grid\">\n    <div class=\"r r1\"><\/div>\n    <div class=\"r r2\"><\/div>\n    <div class=\"r r3\"><\/div>\n    <div class=\"r r4\"><\/div>\n    <div class=\"r r5\"><\/div>\n    <div class=\"r r6\"><\/div>\n    <div class=\"c c1\"><\/div>\n    <div class=\"c c2\"><\/div>\n    <div class=\"c c3\"><\/div>\n    <div class=\"c c4\"><\/div>\n    <div class=\"c c5\"><\/div>\n    <div class=\"c c6\"><\/div>\n<\/div>\t\t<\/div>\n\t\t\t\t<\/div>\n\t\t\t\t<div class=\"elementor-element elementor-element-a666852 hover-eff-5 image-box-style-1 elementor-widget elementor-widget-mae-image-box\" data-id=\"a666852\" data-element_type=\"widget\" data-widget_type=\"mae-image-box.default\">\n\t\t\t\t<div class=\"elementor-widget-container\">\n\t\t\t                <div class=\"master-image-box \">\n                            <div class=\"thumb\"><div class=\"inner\"><img loading=\"lazy\" decoding=\"async\" width=\"770\" height=\"445\" src=\"https:\/\/romanservice.cl\/prueba\/wp-content\/uploads\/2024\/01\/proyecto-busqueda-aguas-subterraneas.jpg\" class=\"attachment-full size-full\" alt=\"\" srcset=\"https:\/\/romanservice.cl\/prueba\/wp-content\/uploads\/2024\/01\/proyecto-busqueda-aguas-subterraneas.jpg 770w, https:\/\/romanservice.cl\/prueba\/wp-content\/uploads\/2024\/01\/proyecto-busqueda-aguas-subterraneas-300x173.jpg 300w, https:\/\/romanservice.cl\/prueba\/wp-content\/uploads\/2024\/01\/proyecto-busqueda-aguas-subterraneas-768x444.jpg 768w, https:\/\/romanservice.cl\/prueba\/wp-content\/uploads\/2024\/01\/proyecto-busqueda-aguas-subterraneas-600x347.jpg 600w\" sizes=\"(max-width: 770px) 100vw, 770px\" \/><\/div><\/div>\n                <div class=\"content-wrap\">\n                    <h2 class=\"headline-2\"><a href=\"https:\/\/romanservice.cl\/prueba\/service\/proyecto-ingenieria-busqueda-aguas-subterraneas\/\">Proyectos de ingenier\u00eda entorno a la b\u00fasqueda de aguas subterr\u00e1neas<\/a><\/h2><div class=\"desc\"><p>Prospecci\u00f3n hidrogeol\u00f3gica: definici\u00f3n de la presencia de agua subterr\u00e1nea, incluyendo...<\/p><\/div>            <div class=\"url-wrap\">\n                <a class=\"master-button btn-hover-2 small btn-accent icon-right btn-hover-2\" href=\"https:\/\/romanservice.cl\/prueba\/service\/proyecto-ingenieria-busqueda-aguas-subterraneas\/\">\n                    <span class=\"inner\">\n                        <span class=\"content-base\">\n                                                        <span class=\"text\">Saber m\u00e1s<\/span>\n                            <span class=\"icon ci ci-arrow-pointing-to-right\"><\/span>                        <\/span>\n\n                        <span class=\"content-hover\">\n                                                        <span class=\"text\">Saber m\u00e1s<\/span>\n                            <span class=\"icon ci ci-arrow-pointing-to-right\"><\/span>                        <\/span>\n                    <\/span>\n\n                    <span class=\"bg-hover\"><\/span>                <\/a>\n            <\/div>\n\n                            <\/div>\n                                    <\/div>\n        \t\t<\/div>\n\t\t\t\t<\/div>\n\t\t\t\t\t<\/div>\n\t\t<\/div>\n\t\t\t\t\t\t\t<\/div>\n\t\t<\/section>\n\t\t\t\t\t\t\t<\/div>\n\t\t","protected":false},"excerpt":{"rendered":"<p>Dise\u00f1o de Cuadros de Piping y Soldadura Especializada C\u00e1lculos y dise\u00f1os de cuadros de Piping en acero, C\u00e1lculo de tensiones mec\u00e1nicas&#8230;. Saber m\u00e1s Saber m\u00e1s Desarrollamos proyectos de ingenier\u00eda y asesor\u00edas C\u00e1lculos y dise\u00f1os de tableros el\u00e9ctricos e instrumentaci\u00f3n, Ingenier\u00eda en Electricidad&#8230; Saber m\u00e1s Saber m\u00e1s Dise\u00f1o de Control de<\/p>\n","protected":false},"author":2,"featured_media":0,"parent":0,"menu_order":0,"comment_status":"closed","ping_status":"closed","template":"","meta":{"inline_featured_image":false,"footnotes":""},"class_list":["post-6624","page","type-page","status-publish","hentry"],"_links":{"self":[{"href":"https:\/\/romanservice.cl\/prueba\/wp-json\/wp\/v2\/pages\/6624","targetHints":{"allow":["GET"]}}],"collection":[{"href":"https:\/\/romanservice.cl\/prueba\/wp-json\/wp\/v2\/pages"}],"about":[{"href":"https:\/\/romanservice.cl\/prueba\/wp-json\/wp\/v2\/types\/page"}],"author":[{"embeddable":true,"href":"https:\/\/romanservice.cl\/prueba\/wp-json\/wp\/v2\/users\/2"}],"replies":[{"embeddable":true,"href":"https:\/\/romanservice.cl\/prueba\/wp-json\/wp\/v2\/comments?post=6624"}],"version-history":[{"count":49,"href":"https:\/\/romanservice.cl\/prueba\/wp-json\/wp\/v2\/pages\/6624\/revisions"}],"predecessor-version":[{"id":7433,"href":"https:\/\/romanservice.cl\/prueba\/wp-json\/wp\/v2\/pages\/6624\/revisions\/7433"}],"wp:attachment":[{"href":"https:\/\/romanservice.cl\/prueba\/wp-json\/wp\/v2\/media?parent=6624"}],"curies":[{"name":"wp","href":"https:\/\/api.w.org\/{rel}","templated":true}]}}