{"id":6660,"date":"2024-02-03T22:04:14","date_gmt":"2024-02-03T22:04:14","guid":{"rendered":"https:\/\/xn--diseopaginas-dhb.cl\/roman\/?page_id=6660"},"modified":"2024-02-04T00:14:23","modified_gmt":"2024-02-04T00:14:23","slug":"nuestros-proyectos","status":"publish","type":"page","link":"https:\/\/romanservice.cl\/prueba\/nuestros-proyectos\/","title":{"rendered":"Nuestros Proyectos"},"content":{"rendered":"\t\t<div data-elementor-type=\"wp-page\" data-elementor-id=\"6660\" class=\"elementor elementor-6660\">\n\t\t\t\t\t\t\t\t\t<section class=\"elementor-section elementor-inner-section elementor-element elementor-element-6d59eb37 elementor-section-boxed elementor-section-height-default elementor-section-height-default\" data-id=\"6d59eb37\" data-element_type=\"section\">\n\t\t\t\t\t\t<div class=\"elementor-container elementor-column-gap-default\">\n\t\t\t\t\t<div class=\"elementor-column elementor-col-33 elementor-inner-column elementor-element elementor-element-7bb2b092\" data-id=\"7bb2b092\" data-element_type=\"column\">\n\t\t\t<div class=\"elementor-widget-wrap elementor-element-populated\">\n\t\t\t\t\t\t\t\t<div class=\"elementor-element elementor-element-ffacb2f hover-eff-5 image-box-style-6 elementor-widget elementor-widget-mae-image-box\" data-id=\"ffacb2f\" data-element_type=\"widget\" data-widget_type=\"mae-image-box.default\">\n\t\t\t\t<div class=\"elementor-widget-container\">\n\t\t\t                <div class=\"master-image-box \">\n                            <div class=\"thumb\"><div class=\"inner\"><img fetchpriority=\"high\" decoding=\"async\" width=\"979\" height=\"650\" src=\"https:\/\/romanservice.cl\/prueba\/wp-content\/uploads\/2023\/09\/proyectoPrueba1.jpg\" class=\"attachment-full size-full\" alt=\"\" srcset=\"https:\/\/romanservice.cl\/prueba\/wp-content\/uploads\/2023\/09\/proyectoPrueba1.jpg 979w, https:\/\/romanservice.cl\/prueba\/wp-content\/uploads\/2023\/09\/proyectoPrueba1-300x199.jpg 300w, https:\/\/romanservice.cl\/prueba\/wp-content\/uploads\/2023\/09\/proyectoPrueba1-768x510.jpg 768w\" sizes=\"(max-width: 979px) 100vw, 979px\" \/><\/div><\/div>\n                <div class=\"content-wrap\">\n                    <h2 class=\"headline-2\"><a href=\"https:\/\/romanservice.cl\/prueba\/project\/proyecto-agua-subterranea\/\">Proyectos de aguas subterraneas<\/a><\/h2>            <div class=\"url-wrap\">\n                <a class=\"master-button btn-hover-2 small btn-accent icon-right btn-hover-2\" href=\"https:\/\/romanservice.cl\/prueba\/project\/proyecto-agua-subterranea\/\">\n                    <span class=\"inner\">\n                        <span class=\"content-base\">\n                                                        <span class=\"text\">Saber m\u00e1s<\/span>\n                            <span class=\"icon ci ci-arrow-pointing-to-right\"><\/span>                        <\/span>\n\n                        <span class=\"content-hover\">\n                                                        <span class=\"text\">Saber m\u00e1s<\/span>\n                            <span class=\"icon ci ci-arrow-pointing-to-right\"><\/span>                        <\/span>\n                    <\/span>\n\n                    <span class=\"bg-hover\"><\/span>                <\/a>\n            <\/div>\n\n                            <\/div>\n                                    <\/div>\n        \t\t<\/div>\n\t\t\t\t<\/div>\n\t\t\t\t\t<\/div>\n\t\t<\/div>\n\t\t\t\t<div class=\"elementor-column elementor-col-33 elementor-inner-column elementor-element elementor-element-4c10e7a3\" data-id=\"4c10e7a3\" data-element_type=\"column\">\n\t\t\t<div class=\"elementor-widget-wrap elementor-element-populated\">\n\t\t\t\t\t\t\t\t<div class=\"elementor-element elementor-element-e9c5e6d hover-eff-5 image-box-style-6 elementor-widget elementor-widget-mae-image-box\" data-id=\"e9c5e6d\" data-element_type=\"widget\" data-widget_type=\"mae-image-box.default\">\n\t\t\t\t<div class=\"elementor-widget-container\">\n\t\t\t                <div class=\"master-image-box \">\n                            <div class=\"thumb\"><div class=\"inner\"><img decoding=\"async\" width=\"979\" height=\"650\" src=\"https:\/\/romanservice.cl\/prueba\/wp-content\/uploads\/2024\/01\/nosotros.png\" class=\"attachment-full size-full\" alt=\"\" srcset=\"https:\/\/romanservice.cl\/prueba\/wp-content\/uploads\/2024\/01\/nosotros.png 979w, https:\/\/romanservice.cl\/prueba\/wp-content\/uploads\/2024\/01\/nosotros-300x199.png 300w, https:\/\/romanservice.cl\/prueba\/wp-content\/uploads\/2024\/01\/nosotros-768x510.png 768w, https:\/\/romanservice.cl\/prueba\/wp-content\/uploads\/2024\/01\/nosotros-600x398.png 600w\" sizes=\"(max-width: 979px) 100vw, 979px\" \/><\/div><\/div>\n                <div class=\"content-wrap\">\n                    <h2 class=\"headline-2\"><a href=\"https:\/\/romanservice.cl\/prueba\/project\/proyecto-de-prueba\/\">Proyectos de Prueba <\/a><\/h2>            <div class=\"url-wrap\">\n                <a class=\"master-button btn-hover-2 small btn-accent icon-right btn-hover-2\" href=\"https:\/\/romanservice.cl\/prueba\/project\/proyecto-de-prueba\/\">\n                    <span class=\"inner\">\n                        <span class=\"content-base\">\n                                                        <span class=\"text\">Saber m\u00e1s<\/span>\n                            <span class=\"icon ci ci-arrow-pointing-to-right\"><\/span>                        <\/span>\n\n                        <span class=\"content-hover\">\n                                                        <span class=\"text\">Saber m\u00e1s<\/span>\n                            <span class=\"icon ci ci-arrow-pointing-to-right\"><\/span>                        <\/span>\n                    <\/span>\n\n                    <span class=\"bg-hover\"><\/span>                <\/a>\n            <\/div>\n\n                            <\/div>\n                                    <\/div>\n        \t\t<\/div>\n\t\t\t\t<\/div>\n\t\t\t\t\t<\/div>\n\t\t<\/div>\n\t\t\t\t<div class=\"elementor-column elementor-col-33 elementor-inner-column elementor-element elementor-element-1b1d7a34\" data-id=\"1b1d7a34\" data-element_type=\"column\">\n\t\t\t<div class=\"elementor-widget-wrap elementor-element-populated\">\n\t\t\t\t\t\t\t\t<div class=\"elementor-element elementor-element-7712ecea elementor-widget__width-auto elementor-absolute elementor-widget elementor-widget-html\" data-id=\"7712ecea\" data-element_type=\"widget\" data-settings=\"{&quot;_position&quot;:&quot;absolute&quot;}\" data-widget_type=\"html.default\">\n\t\t\t\t<div class=\"elementor-widget-container\">\n\t\t\t<div class=\"decor-grid\">\n    <div class=\"r r1\"><\/div>\n    <div class=\"r r2\"><\/div>\n    <div class=\"r r3\"><\/div>\n    <div class=\"r r4\"><\/div>\n    <div class=\"r r5\"><\/div>\n    <div class=\"r r6\"><\/div>\n    <div class=\"c c1\"><\/div>\n    <div class=\"c c2\"><\/div>\n    <div class=\"c c3\"><\/div>\n    <div class=\"c c4\"><\/div>\n    <div class=\"c c5\"><\/div>\n    <div class=\"c c6\"><\/div>\n<\/div>\t\t<\/div>\n\t\t\t\t<\/div>\n\t\t\t\t<div class=\"elementor-element elementor-element-2051db1 hover-eff-5 image-box-style-6 elementor-widget elementor-widget-mae-image-box\" data-id=\"2051db1\" data-element_type=\"widget\" data-widget_type=\"mae-image-box.default\">\n\t\t\t\t<div class=\"elementor-widget-container\">\n\t\t\t                <div class=\"master-image-box \">\n                            <div class=\"thumb\"><div class=\"inner\"><img decoding=\"async\" width=\"979\" height=\"650\" src=\"https:\/\/romanservice.cl\/prueba\/wp-content\/uploads\/2024\/02\/proyecto-prueba-2.jpg\" class=\"attachment-full size-full\" alt=\"\" srcset=\"https:\/\/romanservice.cl\/prueba\/wp-content\/uploads\/2024\/02\/proyecto-prueba-2.jpg 979w, https:\/\/romanservice.cl\/prueba\/wp-content\/uploads\/2024\/02\/proyecto-prueba-2-300x199.jpg 300w, https:\/\/romanservice.cl\/prueba\/wp-content\/uploads\/2024\/02\/proyecto-prueba-2-768x510.jpg 768w\" sizes=\"(max-width: 979px) 100vw, 979px\" \/><\/div><\/div>\n                <div class=\"content-wrap\">\n                    <h2 class=\"headline-2\"><a href=\"https:\/\/romanservice.cl\/prueba\/project\/proyecto-prueba-2\/\">Proyecto prueba 2<\/a><\/h2>            <div class=\"url-wrap\">\n                <a class=\"master-button btn-hover-2 small btn-accent icon-right btn-hover-2\" href=\"https:\/\/romanservice.cl\/prueba\/project\/proyecto-prueba-2\/\">\n                    <span class=\"inner\">\n                        <span class=\"content-base\">\n                                                        <span class=\"text\">Saber m\u00e1s<\/span>\n                            <span class=\"icon ci ci-arrow-pointing-to-right\"><\/span>                        <\/span>\n\n                        <span class=\"content-hover\">\n                                                        <span class=\"text\">Saber m\u00e1s<\/span>\n                            <span class=\"icon ci ci-arrow-pointing-to-right\"><\/span>                        <\/span>\n                    <\/span>\n\n                    <span class=\"bg-hover\"><\/span>                <\/a>\n            <\/div>\n\n                            <\/div>\n                                    <\/div>\n        \t\t<\/div>\n\t\t\t\t<\/div>\n\t\t\t\t\t<\/div>\n\t\t<\/div>\n\t\t\t\t\t\t\t<\/div>\n\t\t<\/section>\n\t\t\t\t\t\t\t<\/div>\n\t\t","protected":false},"excerpt":{"rendered":"<p>Proyectos de aguas subterraneas Saber m\u00e1s Saber m\u00e1s Proyectos de Prueba Saber m\u00e1s Saber m\u00e1s Proyecto prueba 2 Saber m\u00e1s Saber m\u00e1s<\/p>\n","protected":false},"author":2,"featured_media":0,"parent":0,"menu_order":0,"comment_status":"closed","ping_status":"closed","template":"","meta":{"inline_featured_image":false,"footnotes":""},"class_list":["post-6660","page","type-page","status-publish","hentry"],"_links":{"self":[{"href":"https:\/\/romanservice.cl\/prueba\/wp-json\/wp\/v2\/pages\/6660","targetHints":{"allow":["GET"]}}],"collection":[{"href":"https:\/\/romanservice.cl\/prueba\/wp-json\/wp\/v2\/pages"}],"about":[{"href":"https:\/\/romanservice.cl\/prueba\/wp-json\/wp\/v2\/types\/page"}],"author":[{"embeddable":true,"href":"https:\/\/romanservice.cl\/prueba\/wp-json\/wp\/v2\/users\/2"}],"replies":[{"embeddable":true,"href":"https:\/\/romanservice.cl\/prueba\/wp-json\/wp\/v2\/comments?post=6660"}],"version-history":[{"count":40,"href":"https:\/\/romanservice.cl\/prueba\/wp-json\/wp\/v2\/pages\/6660\/revisions"}],"predecessor-version":[{"id":6757,"href":"https:\/\/romanservice.cl\/prueba\/wp-json\/wp\/v2\/pages\/6660\/revisions\/6757"}],"wp:attachment":[{"href":"https:\/\/romanservice.cl\/prueba\/wp-json\/wp\/v2\/media?parent=6660"}],"curies":[{"name":"wp","href":"https:\/\/api.w.org\/{rel}","templated":true}]}}